{"id":610,"date":"2016-11-03T13:28:59","date_gmt":"2016-11-03T13:28:59","guid":{"rendered":"https:\/\/www.diyar68.com\/?page_id=2"},"modified":"2023-11-20T13:32:56","modified_gmt":"2023-11-20T10:32:56","slug":"sample-page-2","status":"publish","type":"page","link":"https:\/\/www.diyar68.com\/","title":{"rendered":"Home 1"},"content":{"rendered":"<p>[vc_row][vc_column][rev_slider_vc alias=&#8221;home-2&#8243;][\/vc_column][\/vc_row][vc_row full_width=&#8221;stretch_row&#8221; css=&#8221;.vc_custom_1613985139631{background-image: url(https:\/\/www.diyar68.com\/wp-content\/uploads\/2021\/01\/bg-2-copyright.png?id=1233) !important;background-position: 0 0 !important;background-repeat: no-repeat !important;}&#8221;][vc_column][vc_empty_space height=&#8221;8.75em&#8221; alter_height=&#8221;none&#8221; hide_on_mobile=&#8221;&#8221;]<div  id=\"sc_promo_551162079\" \n\tclass=\"sc_promo sc_promo_default sc_promo_size_small sc_promo_image_position_right\"><div class=\"sc_promo_image\" style=\"background-image:url(https:\/\/www.diyar68.com\/wp-content\/uploads\/2023\/09\/320760160_482454800682311_3188071671779183184_n.jpg);width:50%;right: 0;\"><\/div><div class=\"sc_promo_text\" style=\"width: 50%;float: left;\">\n\t\t\t<div class=\"sc_promo_text_inner\" style=\"\"><h2 class=\"sc_item_title sc_promo_title sc_align_default sc_item_title_style_default\">Diyar68<\/h2><div class=\"sc_item_descr sc_promo_descr sc_align_default\"><p><strong>Diyar 68 Evden Eve Nakliyat Firmas\u0131: <span style=\"color: #df3629;\">Aksaray'\u0131n G\u00fcvencesi<\/span><\/strong><\/p>\n\nKuruldu\u011fu g\u00fcnden bu yana, Diyar 68 Nakliyat Firmas\u0131 olarak m\u00fc\u015fterilerimize kaliteli ve g\u00fcvenilir ta\u015f\u0131ma hizmetleri sunman\u0131n gururunu ya\u015f\u0131yoruz. Aksaray'da \u015fehir i\u00e7i ve \u015fehirler aras\u0131 evden eve ta\u015f\u0131mac\u0131l\u0131k, ofis ta\u015f\u0131mac\u0131l\u0131\u011f\u0131 ve depolama alan\u0131nda uzmanla\u015fm\u0131\u015f bir ekip olarak, her ge\u00e7en g\u00fcn m\u00fc\u015fteri memnuniyetini en \u00fcst seviyede tutarak sekt\u00f6rdeki liderli\u011fimizi s\u00fcrd\u00fcrmekteyiz.<\/div><\/div>\n\t\t<\/div><!-- \/.sc_promo_text --><\/div><!-- \/.sc_promo -->[vc_empty_space height=&#8221;8.4em&#8221; alter_height=&#8221;none&#8221; hide_on_mobile=&#8221;&#8221;][\/vc_column][\/vc_row][vc_row full_width=&#8221;stretch_row&#8221; scheme=&#8221;dark&#8221; css=&#8221;.vc_custom_1479506567738{background-color: #1f2e39 !important;}&#8221;][vc_column][vc_empty_space height=&#8221;10.3em&#8221; alter_height=&#8221;none&#8221; hide_on_mobile=&#8221;&#8221;]<div  id=\"sc_services_1031225866\"            class=\"sc_services sc_services_default\" data-slides-per-view=\"3\" data-interval=\"0\" data-slides-min-width=\"200\"\t\t>\n\t\t<h2 class=\"sc_item_title sc_services_title sc_align_default sc_item_title_style_default\">Hizmetlerimiz<\/h2><div class=\"sc_services_columns sc_item_columns trx_addons_columns_wrap columns_padding_bottom\"><div class=\"trx_addons_column-1_3\"><div class=\"sc_services_item with_image sc_services_item_featured_top\">\n\t<div class=\"post_featured with_thumb hover_dots sc_services_item_thumb\"><img loading=\"lazy\" decoding=\"async\" width=\"370\" height=\"370\" src=\"https:\/\/www.diyar68.com\/wp-content\/uploads\/2023\/09\/320760160_482454800682311_3188071671779183184_n-370x370.jpg\" class=\"attachment-trx_addons-thumb-avatar size-trx_addons-thumb-avatar wp-post-image\" alt=\"Asans\u00f6rl\u00fc Ta\u015f\u0131ma\" srcset=\"https:\/\/www.diyar68.com\/wp-content\/uploads\/2023\/09\/320760160_482454800682311_3188071671779183184_n-370x370.jpg 370w, https:\/\/www.diyar68.com\/wp-content\/uploads\/2023\/09\/320760160_482454800682311_3188071671779183184_n-150x150.jpg 150w, https:\/\/www.diyar68.com\/wp-content\/uploads\/2023\/09\/320760160_482454800682311_3188071671779183184_n-90x90.jpg 90w\" sizes=\"auto, (max-width: 370px) 100vw, 370px\" \/><div class=\"mask\"><\/div><a href=\"https:\/\/www.diyar68.com\/index.php\/services\/asansorlu-tasima\/\" aria-hidden=\"true\" class=\"icons\"><span><\/span><span><\/span><span><\/span><\/a><\/div>\t\n\t<div class=\"sc_services_item_info\">\n\t\t<div class=\"sc_services_item_header\">\n\t\t\t<h4 class=\"sc_services_item_title\"><a href=\"https:\/\/www.diyar68.com\/index.php\/services\/asansorlu-tasima\/\">Asans\u00f6rl\u00fc Ta\u015f\u0131ma<\/a><\/h4>\n\t\t\t<!--<div class=\"sc_services_item_subtitle\"><a href=\"https:\/\/www.diyar68.com\/index.php\/services_group\/image-services\/\" title=\"View all posts in Image Services\">Image Services<\/a><\/div> -->\n\t\t<\/div>\n\t\t\t\t\t<div class=\"sc_services_item_content\"><p>Asans\u00f6r ile H\u0131zl\u0131 ve G\u00fcvenilir Ta\u015f\u0131ma<\/p>\n<\/div>\n\t\t\t\t\t\t\t<div class=\"sc_services_item_button sc_item_button\"><a href=\"https:\/\/www.diyar68.com\/index.php\/services\/asansorlu-tasima\/\" class=\"sc_button sc_button_accent sc_button_size_small sc_button_icon_right sc_button_hover_slide_left\">Learn more<\/a><\/div> \n\t\t\t\t\t\t<\/div>\n<\/div>\n<\/div><div class=\"trx_addons_column-1_3\"><div class=\"sc_services_item with_image sc_services_item_featured_top\">\n\t<div class=\"post_featured with_thumb hover_dots sc_services_item_thumb\"><img loading=\"lazy\" decoding=\"async\" width=\"370\" height=\"370\" src=\"https:\/\/www.diyar68.com\/wp-content\/uploads\/2023\/09\/pexels-artem-podrez-5025669-370x370.jpg\" class=\"attachment-trx_addons-thumb-avatar size-trx_addons-thumb-avatar wp-post-image\" alt=\"\u015eehir \u0130\u00e7i Ta\u015f\u0131ma\" srcset=\"https:\/\/www.diyar68.com\/wp-content\/uploads\/2023\/09\/pexels-artem-podrez-5025669-370x370.jpg 370w, https:\/\/www.diyar68.com\/wp-content\/uploads\/2023\/09\/pexels-artem-podrez-5025669-150x150.jpg 150w, https:\/\/www.diyar68.com\/wp-content\/uploads\/2023\/09\/pexels-artem-podrez-5025669-90x90.jpg 90w\" sizes=\"auto, (max-width: 370px) 100vw, 370px\" \/><div class=\"mask\"><\/div><a href=\"https:\/\/www.diyar68.com\/index.php\/services\/sehir-ici-tasima\/\" aria-hidden=\"true\" class=\"icons\"><span><\/span><span><\/span><span><\/span><\/a><\/div>\t\n\t<div class=\"sc_services_item_info\">\n\t\t<div class=\"sc_services_item_header\">\n\t\t\t<h4 class=\"sc_services_item_title\"><a href=\"https:\/\/www.diyar68.com\/index.php\/services\/sehir-ici-tasima\/\">\u015eehir \u0130\u00e7i Ta\u015f\u0131ma<\/a><\/h4>\n\t\t\t<!--<div class=\"sc_services_item_subtitle\"><a href=\"https:\/\/www.diyar68.com\/index.php\/services_group\/image-services\/\" title=\"View all posts in Image Services\">Image Services<\/a><\/div> -->\n\t\t<\/div>\n\t\t\t\t\t<div class=\"sc_services_item_content\"><p>\u015eehir \u0130\u00e7i G\u00fcvenli Ta\u015f\u0131ma<\/p>\n<\/div>\n\t\t\t\t\t\t\t<div class=\"sc_services_item_button sc_item_button\"><a href=\"https:\/\/www.diyar68.com\/index.php\/services\/sehir-ici-tasima\/\" class=\"sc_button sc_button_accent sc_button_size_small sc_button_icon_right sc_button_hover_slide_left\">Learn more<\/a><\/div> \n\t\t\t\t\t\t<\/div>\n<\/div>\n<\/div><div class=\"trx_addons_column-1_3\"><div class=\"sc_services_item with_image sc_services_item_featured_top\">\n\t<div class=\"post_featured with_thumb hover_dots sc_services_item_thumb\"><img loading=\"lazy\" decoding=\"async\" width=\"370\" height=\"370\" src=\"https:\/\/www.diyar68.com\/wp-content\/uploads\/2023\/09\/supply-chain-representation-still-life-370x370.jpg\" class=\"attachment-trx_addons-thumb-avatar size-trx_addons-thumb-avatar wp-post-image\" alt=\"\u015eehirler Aras\u0131 Ta\u015f\u0131ma\" srcset=\"https:\/\/www.diyar68.com\/wp-content\/uploads\/2023\/09\/supply-chain-representation-still-life-370x370.jpg 370w, https:\/\/www.diyar68.com\/wp-content\/uploads\/2023\/09\/supply-chain-representation-still-life-150x150.jpg 150w, https:\/\/www.diyar68.com\/wp-content\/uploads\/2023\/09\/supply-chain-representation-still-life-90x90.jpg 90w\" sizes=\"auto, (max-width: 370px) 100vw, 370px\" \/><div class=\"mask\"><\/div><a href=\"https:\/\/www.diyar68.com\/index.php\/services\/sehirler-arasi-tasima\/\" aria-hidden=\"true\" class=\"icons\"><span><\/span><span><\/span><span><\/span><\/a><\/div>\t\n\t<div class=\"sc_services_item_info\">\n\t\t<div class=\"sc_services_item_header\">\n\t\t\t<h4 class=\"sc_services_item_title\"><a href=\"https:\/\/www.diyar68.com\/index.php\/services\/sehirler-arasi-tasima\/\">\u015eehirler Aras\u0131 Ta\u015f\u0131ma<\/a><\/h4>\n\t\t\t<!--<div class=\"sc_services_item_subtitle\"><a href=\"https:\/\/www.diyar68.com\/index.php\/services_group\/image-services\/\" title=\"View all posts in Image Services\">Image Services<\/a><\/div> -->\n\t\t<\/div>\n\t\t\t\t\t<div class=\"sc_services_item_content\"><p>\u015eehirler Aras\u0131 G\u00fcvenli Ta\u015f\u0131ma<\/p>\n<\/div>\n\t\t\t\t\t\t\t<div class=\"sc_services_item_button sc_item_button\"><a href=\"https:\/\/www.diyar68.com\/index.php\/services\/sehirler-arasi-tasima\/\" class=\"sc_button sc_button_accent sc_button_size_small sc_button_icon_right sc_button_hover_slide_left\">Learn more<\/a><\/div> \n\t\t\t\t\t\t<\/div>\n<\/div>\n<\/div><\/div><\/div><!-- \/.sc_services -->[\/vc_column][\/vc_row][vc_row full_width=&#8221;stretch_row_content_no_spaces&#8221;][vc_column]<div  id=\"sc_promo_1971575711\" \n\tclass=\"sc_promo sc_promo_default  vc_custom_1479807212777 sc_promo_size_large sc_promo_image_position_right\"><div class=\"sc_promo_image\" style=\"background-image:url(https:\/\/www.diyar68.com\/wp-content\/uploads\/2016\/11\/request-promo-copyright.jpg);width:50%;right: 0;\"><\/div><div class=\"sc_promo_text\" style=\"width: 50%;float: left;\">\n\t\t\t<div class=\"sc_promo_text_inner\" style=\" margin:-2.7em 0 -3.3em;\"><div class=\"sc_promo_content sc_item_content\">[vc_column_text css=&#8221;.vc_custom_1695721928326{margin-bottom: 0.5em !important;}&#8221;]<\/p>\n<h2><i>Bize ula\u015f<\/i><\/h2>\n<p>[\/vc_column_text][vc_column_text]<\/p>\n<h1>Fiyat Teklifi Al<\/h1>\n<p>[\/vc_column_text][vc_empty_space height=&#8221;2.5em&#8221; alter_height=&#8221;none&#8221; hide_on_mobile=&#8221;&#8221;][vc_column_text]Bize Ula\u015farak Ta\u015f\u0131nman\u0131za Uygun Fiyatlar Almak \u0130\u00e7in Formu Eksiksiz Doldurun Size Ula\u015fal\u0131m.[\/vc_column_text][vc_empty_space height=&#8221;3.2em&#8221; alter_height=&#8221;none&#8221; hide_on_mobile=&#8221;&#8221;]\n<div class=\"wpcf7 no-js\" id=\"wpcf7-f806-o1\" lang=\"en-US\" dir=\"ltr\">\n<div class=\"screen-reader-response\"><p role=\"status\" aria-live=\"polite\" aria-atomic=\"true\"><\/p> <ul><\/ul><\/div>\n<form action=\"\/index.php\/wp-json\/wp\/v2\/pages\/610#wpcf7-f806-o1\" method=\"post\" class=\"wpcf7-form init\" aria-label=\"Contact form\" novalidate=\"novalidate\" data-status=\"init\">\n<div style=\"display: none;\">\n<input type=\"hidden\" name=\"_wpcf7\" value=\"806\" \/>\n<input type=\"hidden\" name=\"_wpcf7_version\" value=\"5.8\" \/>\n<input type=\"hidden\" name=\"_wpcf7_locale\" value=\"en_US\" \/>\n<input type=\"hidden\" name=\"_wpcf7_unit_tag\" value=\"wpcf7-f806-o1\" \/>\n<input type=\"hidden\" name=\"_wpcf7_container_post\" value=\"0\" \/>\n<input type=\"hidden\" name=\"_wpcf7_posted_data_hash\" value=\"\" \/>\n<\/div>\n<div class=\"columns_wrap\">\n<div class=\"column-1_2\"><span class=\"wpcf7-form-control-wrap\" data-name=\"your-name\"><input size=\"40\" class=\"wpcf7-form-control wpcf7-text wpcf7-validates-as-required\" aria-required=\"true\" aria-invalid=\"false\" placeholder=\"Ad\u0131n\u0131z Soyad\u0131n\u0131z\" value=\"\" type=\"text\" name=\"your-name\" \/><\/span><\/div>\n<div class=\"column-1_2\"><span class=\"wpcf7-form-control-wrap\" data-name=\"your-email\"><input size=\"40\" class=\"wpcf7-form-control wpcf7-email wpcf7-validates-as-required wpcf7-text wpcf7-validates-as-email\" aria-required=\"true\" aria-invalid=\"false\" placeholder=\"Epostan\u0131z\" value=\"\" type=\"email\" name=\"your-email\" \/><\/span><\/div>\n<div class=\"column-1_2\"><span class=\"wpcf7-form-control-wrap\" data-name=\"your-transport\"><select class=\"wpcf7-form-control wpcf7-select\" aria-invalid=\"false\" name=\"your-transport\"><option value=\"Ta\u015f\u0131ma Tipi\">Ta\u015f\u0131ma Tipi<\/option><option value=\"\u015eehir \u0130\u00e7i Nakliyat\">\u015eehir \u0130\u00e7i Nakliyat<\/option><option value=\"\u015eehirler Aras\u0131 Nakliyat\">\u015eehirler Aras\u0131 Nakliyat<\/option><\/select><\/span><\/div>\n<div class=\"column-1_2\"><span class=\"wpcf7-form-control-wrap\" data-name=\"your-freight\"><select class=\"wpcf7-form-control wpcf7-select\" aria-invalid=\"false\" name=\"your-freight\"><option value=\"Ta\u015f\u0131nma Tipi\">Ta\u015f\u0131nma Tipi<\/option><option value=\"Asans\u00f6rl\u00fc Ta\u015f\u0131ma\">Asans\u00f6rl\u00fc Ta\u015f\u0131ma<\/option><option value=\"Ev Ta\u015f\u0131ma\">Ev Ta\u015f\u0131ma<\/option><\/select><\/span><\/div>\n<\/div>\n<div><span class=\"wpcf7-form-control-wrap\" data-name=\"your-message\"><textarea cols=\"40\" rows=\"4\" class=\"wpcf7-form-control wpcf7-textarea\" aria-invalid=\"false\" placeholder=\"Mesaj\u0131n\u0131z\" name=\"your-message\"><\/textarea><\/span><\/div>\n<div><span class=\"wpcf7-form-control-wrap\" data-name=\"acceptance-157\"><span class=\"wpcf7-form-control wpcf7-acceptance\"><span class=\"wpcf7-list-item\"><label><input type=\"checkbox\" name=\"acceptance-157\" value=\"1\" aria-invalid=\"false\" \/><span class=\"wpcf7-list-item-label\">G\u00f6nderdi\u011fim verilerimin toplan\u0131p saklanmas\u0131n\u0131 kabul ediyorum.<\/span><\/label><\/span><\/span><\/span><\/div>\n\n<input class=\"wpcf7-form-control wpcf7-submit has-spinner\" type=\"submit\" value=\"G\u00f6nder\" \/><div class=\"wpcf7-response-output\" aria-hidden=\"true\"><\/div>\n<\/form>\n<\/div>\n<\/div><\/div>\n\t\t<\/div><!-- \/.sc_promo_text --><\/div><!-- \/.sc_promo -->[\/vc_column][\/vc_row]<\/p>\n","protected":false},"excerpt":{"rendered":"<p>[vc_row][vc_column][rev_slider_vc alias=&#8221;home-2&#8243;][\/vc_column][\/vc_row][vc_row full_width=&#8221;stretch_row&#8221; css=&#8221;.vc_custom_1613985139631{background-image: url(https:\/\/www.diyar68.com\/wp-content\/uploads\/2021\/01\/bg-2-copyright.png?id=1233) !important;background-position: 0 0 !important;background-repeat: no-repeat !important;}&#8221;][vc_column][vc_empty_space height=&#8221;8.75em&#8221; alter_height=&#8221;none&#8221; hide_on_mobile=&#8221;&#8221;][vc_empty_space height=&#8221;8.4em&#8221; alter_height=&#8221;none&#8221; hide_on_mobile=&#8221;&#8221;][\/vc_column][\/vc_row][vc_row full_width=&#8221;stretch_row&#8221; scheme=&#8221;dark&#8221; css=&#8221;.vc_custom_1479506567738{background-color: #1f2e39 !important;}&#8221;][vc_column][vc_empty_space height=&#8221;10.3em&#8221; alter_height=&#8221;none&#8221; hide_on_mobile=&#8221;&#8221;][\/vc_column][\/vc_row][vc_row full_width=&#8221;stretch_row_content_no_spaces&#8221;][vc_column][\/vc_column][\/vc_row]<\/p>\n","protected":false},"author":1,"featured_media":0,"parent":0,"menu_order":0,"comment_status":"closed","ping_status":"open","template":"","meta":{"om_disable_all_campaigns":false,"_monsterinsights_skip_tracking":false,"_monsterinsights_sitenote_active":false,"_monsterinsights_sitenote_note":"","_monsterinsights_sitenote_category":0,"footnotes":""},"class_list":["post-610","page","type-page","status-publish","hentry"],"aioseo_notices":[],"_links":{"self":[{"href":"https:\/\/www.diyar68.com\/index.php\/wp-json\/wp\/v2\/pages\/610","targetHints":{"allow":["GET"]}}],"collection":[{"href":"https:\/\/www.diyar68.com\/index.php\/wp-json\/wp\/v2\/pages"}],"about":[{"href":"https:\/\/www.diyar68.com\/index.php\/wp-json\/wp\/v2\/types\/page"}],"author":[{"embeddable":true,"href":"https:\/\/www.diyar68.com\/index.php\/wp-json\/wp\/v2\/users\/1"}],"replies":[{"embeddable":true,"href":"https:\/\/www.diyar68.com\/index.php\/wp-json\/wp\/v2\/comments?post=610"}],"version-history":[{"count":26,"href":"https:\/\/www.diyar68.com\/index.php\/wp-json\/wp\/v2\/pages\/610\/revisions"}],"predecessor-version":[{"id":1402,"href":"https:\/\/www.diyar68.com\/index.php\/wp-json\/wp\/v2\/pages\/610\/revisions\/1402"}],"wp:attachment":[{"href":"https:\/\/www.diyar68.com\/index.php\/wp-json\/wp\/v2\/media?parent=610"}],"curies":[{"name":"wp","href":"https:\/\/api.w.org\/{rel}","templated":true}]}}