{"id":25,"date":"2016-11-03T15:19:49","date_gmt":"2016-11-03T15:19:49","guid":{"rendered":"https:\/\/www.diyar68.com\/?page_id=25"},"modified":"2023-10-04T15:38:24","modified_gmt":"2023-10-04T12:38:24","slug":"contacts","status":"publish","type":"page","link":"https:\/\/www.diyar68.com\/index.php\/contacts\/","title":{"rendered":"\u0130leti\u015fim"},"content":{"rendered":"<p>[vc_row][vc_column width=&#8221;1\/3&#8243;][vc_column_text]<\/p>\n<h1>B\u0130ZE ULA\u015eIN<\/h1>\n<p>[\/vc_column_text][vc_empty_space height=&#8221;2.2em&#8221; alter_height=&#8221;none&#8221; hide_on_mobile=&#8221;&#8221;][vc_column_text]<\/p>\n<h6>K\u00fc\u00e7\u00fck B\u00f6lcek Mah. 2638 Sk. No 4\/9 Merkez \/ AKSARAY<\/h6>\n<address>Telefon: <a href=\"tel:0537 624 72 12\">0537 624 72 12<\/a><br \/>\nEmail: info@diyar68.com<\/address>\n<address>\u00a0<\/address>\n<p>[\/vc_column_text][\/vc_column][vc_column width=&#8221;2\/3&#8243;]<div id=\"sc_title_358820816\"\n\t\tclass=\"sc_title sc_title_default  vc_custom_1696423082778\"><h2 class=\"sc_item_title sc_title_title sc_align_left sc_item_title_style_default\">Mesaj\u0131n\u0131z<\/h2><\/div><!-- \/.sc_title -->\n<div class=\"wpcf7 no-js\" id=\"wpcf7-f806-o1\" lang=\"en-US\" dir=\"ltr\">\n<div class=\"screen-reader-response\"><p role=\"status\" aria-live=\"polite\" aria-atomic=\"true\"><\/p> <ul><\/ul><\/div>\n<form action=\"\/index.php\/wp-json\/wp\/v2\/pages\/25#wpcf7-f806-o1\" method=\"post\" class=\"wpcf7-form init\" aria-label=\"Contact form\" novalidate=\"novalidate\" data-status=\"init\">\n<div style=\"display: none;\">\n<input type=\"hidden\" name=\"_wpcf7\" value=\"806\" \/>\n<input type=\"hidden\" name=\"_wpcf7_version\" value=\"5.8\" \/>\n<input type=\"hidden\" name=\"_wpcf7_locale\" value=\"en_US\" \/>\n<input type=\"hidden\" name=\"_wpcf7_unit_tag\" value=\"wpcf7-f806-o1\" \/>\n<input type=\"hidden\" name=\"_wpcf7_container_post\" value=\"0\" \/>\n<input type=\"hidden\" name=\"_wpcf7_posted_data_hash\" value=\"\" \/>\n<\/div>\n<div class=\"columns_wrap\">\n<div class=\"column-1_2\"><span class=\"wpcf7-form-control-wrap\" data-name=\"your-name\"><input size=\"40\" class=\"wpcf7-form-control wpcf7-text wpcf7-validates-as-required\" aria-required=\"true\" aria-invalid=\"false\" placeholder=\"Ad\u0131n\u0131z Soyad\u0131n\u0131z\" value=\"\" type=\"text\" name=\"your-name\" \/><\/span><\/div>\n<div class=\"column-1_2\"><span class=\"wpcf7-form-control-wrap\" data-name=\"your-email\"><input size=\"40\" class=\"wpcf7-form-control wpcf7-email wpcf7-validates-as-required wpcf7-text wpcf7-validates-as-email\" aria-required=\"true\" aria-invalid=\"false\" placeholder=\"Epostan\u0131z\" value=\"\" type=\"email\" name=\"your-email\" \/><\/span><\/div>\n<div class=\"column-1_2\"><span class=\"wpcf7-form-control-wrap\" data-name=\"your-transport\"><select class=\"wpcf7-form-control wpcf7-select\" aria-invalid=\"false\" name=\"your-transport\"><option value=\"Ta\u015f\u0131ma Tipi\">Ta\u015f\u0131ma Tipi<\/option><option value=\"\u015eehir \u0130\u00e7i Nakliyat\">\u015eehir \u0130\u00e7i Nakliyat<\/option><option value=\"\u015eehirler Aras\u0131 Nakliyat\">\u015eehirler Aras\u0131 Nakliyat<\/option><\/select><\/span><\/div>\n<div class=\"column-1_2\"><span class=\"wpcf7-form-control-wrap\" data-name=\"your-freight\"><select class=\"wpcf7-form-control wpcf7-select\" aria-invalid=\"false\" name=\"your-freight\"><option value=\"Ta\u015f\u0131nma Tipi\">Ta\u015f\u0131nma Tipi<\/option><option value=\"Asans\u00f6rl\u00fc Ta\u015f\u0131ma\">Asans\u00f6rl\u00fc Ta\u015f\u0131ma<\/option><option value=\"Ev Ta\u015f\u0131ma\">Ev Ta\u015f\u0131ma<\/option><\/select><\/span><\/div>\n<\/div>\n<div><span class=\"wpcf7-form-control-wrap\" data-name=\"your-message\"><textarea cols=\"40\" rows=\"4\" class=\"wpcf7-form-control wpcf7-textarea\" aria-invalid=\"false\" placeholder=\"Mesaj\u0131n\u0131z\" name=\"your-message\"><\/textarea><\/span><\/div>\n<div><span class=\"wpcf7-form-control-wrap\" data-name=\"acceptance-157\"><span class=\"wpcf7-form-control wpcf7-acceptance\"><span class=\"wpcf7-list-item\"><label><input type=\"checkbox\" name=\"acceptance-157\" value=\"1\" aria-invalid=\"false\" \/><span class=\"wpcf7-list-item-label\">G\u00f6nderdi\u011fim verilerimin toplan\u0131p saklanmas\u0131n\u0131 kabul ediyorum.<\/span><\/label><\/span><\/span><\/span><\/div>\n\n<input class=\"wpcf7-form-control wpcf7-submit has-spinner\" type=\"submit\" value=\"G\u00f6nder\" \/><div class=\"wpcf7-response-output\" aria-hidden=\"true\"><\/div>\n<\/form>\n<\/div>\n[\/vc_column][\/vc_row]<\/p>\n","protected":false},"excerpt":{"rendered":"<p>[vc_row][vc_column width=&#8221;1\/3&#8243;][vc_column_text] B\u0130ZE ULA\u015eIN [\/vc_column_text][vc_empty_space height=&#8221;2.2em&#8221; alter_height=&#8221;none&#8221; hide_on_mobile=&#8221;&#8221;][vc_column_text] K\u00fc\u00e7\u00fck B\u00f6lcek Mah. 2638 Sk. No 4\/9 Merkez \/ AKSARAY Telefon: 0537 624 72 12 Email: info@diyar68.com \u00a0 [\/vc_column_text][\/vc_column][vc_column width=&#8221;2\/3&#8243;][\/vc_column][\/vc_row]<\/p>\n","protected":false},"author":1,"featured_media":0,"parent":0,"menu_order":0,"comment_status":"closed","ping_status":"closed","template":"","meta":{"om_disable_all_campaigns":false,"_monsterinsights_skip_tracking":false,"_monsterinsights_sitenote_active":false,"_monsterinsights_sitenote_note":"","_monsterinsights_sitenote_category":0,"footnotes":""},"class_list":["post-25","page","type-page","status-publish","hentry"],"aioseo_notices":[],"_links":{"self":[{"href":"https:\/\/www.diyar68.com\/index.php\/wp-json\/wp\/v2\/pages\/25","targetHints":{"allow":["GET"]}}],"collection":[{"href":"https:\/\/www.diyar68.com\/index.php\/wp-json\/wp\/v2\/pages"}],"about":[{"href":"https:\/\/www.diyar68.com\/index.php\/wp-json\/wp\/v2\/types\/page"}],"author":[{"embeddable":true,"href":"https:\/\/www.diyar68.com\/index.php\/wp-json\/wp\/v2\/users\/1"}],"replies":[{"embeddable":true,"href":"https:\/\/www.diyar68.com\/index.php\/wp-json\/wp\/v2\/comments?post=25"}],"version-history":[{"count":2,"href":"https:\/\/www.diyar68.com\/index.php\/wp-json\/wp\/v2\/pages\/25\/revisions"}],"predecessor-version":[{"id":1377,"href":"https:\/\/www.diyar68.com\/index.php\/wp-json\/wp\/v2\/pages\/25\/revisions\/1377"}],"wp:attachment":[{"href":"https:\/\/www.diyar68.com\/index.php\/wp-json\/wp\/v2\/media?parent=25"}],"curies":[{"name":"wp","href":"https:\/\/api.w.org\/{rel}","templated":true}]}}