{"id":21,"date":"2016-11-03T15:19:27","date_gmt":"2016-11-03T15:19:27","guid":{"rendered":"https:\/\/www.diyar68.com\/?page_id=21"},"modified":"2023-10-04T15:00:35","modified_gmt":"2023-10-04T12:00:35","slug":"our-services","status":"publish","type":"page","link":"https:\/\/www.diyar68.com\/index.php\/our-services\/","title":{"rendered":"Hizmetlerimiz"},"content":{"rendered":"<p>[vc_row full_width=&#8221;stretch_row_content_no_spaces&#8221;][vc_column]<div  id=\"sc_action_1762314144\" \n\tclass=\"scheme_dark sc_action sc_action_simple\" data-slides-min-width=\"250\"\t><div class=\"sc_action_content sc_item_content\"><div class=\"sc_action_item sc_action_item_simple with_image sc_action_item_mc\" style=\"background-image:url(https:\/\/www.diyar68.com\/wp-content\/uploads\/2016\/11\/action-1-copyright.jpg);\">\n\t\t\t\t\t\t\t<div class=\"sc_action_item_mask\"><\/div>\n\t\t\t\t<div class=\"sc_action_item_inner\">\n\t\t\t\t<h6 class=\"sc_action_item_subtitle\"><span>%100 M\u00fc\u015fteri Memnuniyeti<\/span><\/h6><h3 class=\"sc_action_item_title\"><span>Ta\u015f\u0131n\u0131rken G\u00f6z\u00fcn\u00fcz Arkada Kalmas\u0131n<\/span><\/h3><a href=\"\/contacts\/\" class=\"sc_action_item_link sc_button_border sc_button_icon_right\">Bize Ula\u015f\u0131n<\/a><\/div><!-- \/.sc_action_item_inner --><\/div><\/div><\/div><!-- \/.sc_action -->[\/vc_column][\/vc_row]<\/p>\n","protected":false},"excerpt":{"rendered":"<p>[vc_row full_width=&#8221;stretch_row_content_no_spaces&#8221;][vc_column][\/vc_column][\/vc_row]<\/p>\n","protected":false},"author":1,"featured_media":0,"parent":0,"menu_order":0,"comment_status":"closed","ping_status":"closed","template":"","meta":{"om_disable_all_campaigns":false,"_monsterinsights_skip_tracking":false,"_monsterinsights_sitenote_active":false,"_monsterinsights_sitenote_note":"","_monsterinsights_sitenote_category":0,"footnotes":""},"class_list":["post-21","page","type-page","status-publish","hentry"],"aioseo_notices":[],"_links":{"self":[{"href":"https:\/\/www.diyar68.com\/index.php\/wp-json\/wp\/v2\/pages\/21","targetHints":{"allow":["GET"]}}],"collection":[{"href":"https:\/\/www.diyar68.com\/index.php\/wp-json\/wp\/v2\/pages"}],"about":[{"href":"https:\/\/www.diyar68.com\/index.php\/wp-json\/wp\/v2\/types\/page"}],"author":[{"embeddable":true,"href":"https:\/\/www.diyar68.com\/index.php\/wp-json\/wp\/v2\/users\/1"}],"replies":[{"embeddable":true,"href":"https:\/\/www.diyar68.com\/index.php\/wp-json\/wp\/v2\/comments?post=21"}],"version-history":[{"count":1,"href":"https:\/\/www.diyar68.com\/index.php\/wp-json\/wp\/v2\/pages\/21\/revisions"}],"predecessor-version":[{"id":1373,"href":"https:\/\/www.diyar68.com\/index.php\/wp-json\/wp\/v2\/pages\/21\/revisions\/1373"}],"wp:attachment":[{"href":"https:\/\/www.diyar68.com\/index.php\/wp-json\/wp\/v2\/media?parent=21"}],"curies":[{"name":"wp","href":"https:\/\/api.w.org\/{rel}","templated":true}]}}